{"id":3320,"date":"2021-03-24T12:13:00","date_gmt":"2021-03-24T12:13:00","guid":{"rendered":"https:\/\/www.wearereify.com\/?page_id=3320"},"modified":"2021-03-28T07:01:45","modified_gmt":"2021-03-28T07:01:45","slug":"personal-data-protection-commitment","status":"publish","type":"page","link":"https:\/\/www.wearereify.com\/pt\/personal-data-protection-commitment\/","title":{"rendered":"Personal Data Protection Commitment"},"content":{"rendered":"<div class=\"wpb-content-wrapper\"><div class=\"vc_row wpb_row vc_row-fluid seccao-legal-info bbhd-overflow\"><div class=\"wpb_column vc_column_container vc_col-sm-4\"><div class=\"vc_column-inner\"><div class=\"wpb_wrapper\">\n\t<div class=\"wpb_text_column wpb_content_element\" >\n\t\t<div class=\"wpb_wrapper\">\n\t\t\t<h1>Compromisso de<br \/>\nProte\u00e7\u00e3o de Dados<br \/>\nPessoais<\/h1>\n\n\t\t<\/div>\n\t<\/div>\n<\/div><\/div><\/div><div class=\"wpb_column vc_column_container vc_col-sm-8\"><div class=\"vc_column-inner\"><div class=\"wpb_wrapper\">\n\t<div class=\"wpb_text_column wpb_content_element\" >\n\t\t<div class=\"wpb_wrapper\">\n\t\t\t<p><strong>a. O Nosso Compromisso de Prote\u00e7\u00e3o de Dados Pessoais<\/strong><\/p>\n<p>A Sonae Sierra SGPS, S.A. proceder\u00e1 sempre a uma utiliza\u00e7\u00e3o respons\u00e1vel, leal e transparente dos dados pessoais dos utilizadores deste website (os Utilizadores). Este compromisso \u00e9 assumido na rela\u00e7\u00e3o do dia-a-dia com os nossos investidores, parceiros, clientes e fornecedores. A privacidade e a seguran\u00e7a dos dados que nos confia, s\u00e3o para n\u00f3s uma prioridade.<\/p>\n<p>Usamos de transpar\u00eancia quando tratamos dados pessoais e limitamos o tratamento ao necess\u00e1rio. Informamo-lo de como utilizamos os seus dados pessoais e para que finalidades, e protegemos os mesmos adotando como refer\u00eancia as melhores pr\u00e1ticas no dom\u00ednio da seguran\u00e7a e da prote\u00e7\u00e3o dos dados pessoais.<\/p>\n<p>Quando os seus dados pessoais s\u00e3o recolhidos, conservados, utilizados, transferidos ou apagados por outras entidades que efetuam o tratamento por nossa conta, exigimos delas o mesmo n\u00edvel de prote\u00e7\u00e3o e seguran\u00e7a.<\/p>\n<p><strong>b. Quem \u00e9 o Respons\u00e1vel<\/strong><\/p>\n<p>A SONAE SIERRA SGPS, S.A., com sede em Lugar do Espido, Via Norte, 4470-177 Maia, inscrita na Conservat\u00f3ria do Registo Comercial sob o n\u00famero \u00fanico de pessoa coletiva e de matr\u00edcula 502 290 811, adiante designada abreviadamente por Sonae Sierra, \u00e9 \u2013 nos termos do Regulamento Geral sobre a Prote\u00e7\u00e3o de Dados e da legisla\u00e7\u00e3o complementar sobre prote\u00e7\u00e3o de dados pessoais em vigor nos pa\u00edses em que opera \u2013 a respons\u00e1vel pelo tratamento dos dados pessoais que recolhemos atrav\u00e9s do seu registo e navega\u00e7\u00e3o neste website.<\/p>\n<p><strong>c. Dados Pessoais que podemos recolher<\/strong><\/p>\n<p>O termo \"Dados Pessoais\u201d significa o conjunto de informa\u00e7\u00f5es relativas a si e que permitem identific\u00e1-lo(a), direta ou indiretamente.<\/p>\n<p>O website destina-se apenas a, e s\u00f3 dever\u00e1 ser utilizado por maiores de 16 anos de idade. N\u00e3o tratamos volunt\u00e1ria e conscientemente dados pessoais de crian\u00e7as. Se tivermos conhecimento de termos recolhido dados pessoais de crian\u00e7as procederemos de imediato ao seu apagamento. Solicitamos que nos contacte se for do seu conhecimento que procedemos \u00e0 recolha ou tratamento de dados pessoais de crian\u00e7as.<\/p>\n<p>No momento em que submeter uma mensagem no nosso website, recolheremos obrigatoriamente o seu nome, endere\u00e7o de correio eletr\u00f3nico e n\u00famero de telefone.<\/p>\n<p>Se na apresenta\u00e7\u00e3o do seu pedido incluir outros dados pessoais f\u00e1-lo-\u00e1 voluntariamente; esses outros dados pessoais n\u00e3o s\u00e3o necess\u00e1rios.<\/p>\n<p>A comunica\u00e7\u00e3o dos seus dados pessoais n\u00e3o constitui uma obriga\u00e7\u00e3o legal ou contratual e se n\u00e3o fornecer os dados obrigat\u00f3rios a consequ\u00eancia poder\u00e1 ser a de inviabilizar a possibilidade de lhe darmos resposta.<\/p>\n<p><strong>d. Como usamos os dados pessoais e porqu\u00ea<\/strong><\/p>\n<p>Usamos os seus dados pessoais com o objetivo de presta\u00e7\u00e3o de informa\u00e7\u00e3o em resposta a solicita\u00e7\u00f5es que nos sejam apresentadas por si atrav\u00e9s do website.<\/p>\n<p>Tratamos os dados pessoais por si fornecidos atrav\u00e9s do nosso website com fundamento no consentimento que nos presta aquando da submiss\u00e3o do seu pedido.<\/p>\n<p><strong>e. Durante quanto tempo armazenamos os dados pessoais<\/strong><\/p>\n<p>Conservamos os seus dados pessoais apenas durante o per\u00edodo necess\u00e1rio para o envio de resposta e cumprimento das obriga\u00e7\u00f5es legais.<\/p>\n<p>Findo o prazo de reten\u00e7\u00e3o, os seus dados pessoais ser\u00e3o anonimizados ou destru\u00eddos\/eliminados de forma segura.<\/p>\n<p><strong>f. Com quem podemos partilhar a sua informa\u00e7\u00e3o pessoal<\/strong><\/p>\n<p>Para podermos dar resposta aos seus pedidos podemos ter de divulgar os seus dados pessoais a outras empresas do Grupo Sonae Sierra estabelecidas nos Estados Membro da Uni\u00e3o Europeia. A transmiss\u00e3o de dados para pa\u00edses terceiros s\u00f3 ser\u00e1 feita com o seu consentimento. Exigimos a todas as empresas que tenham implementadas medidas de seguran\u00e7a adequadas para proteger os seus dados pessoais.<\/p>\n<p>Quando exigido por lei, poderemos ter que divulgar os seus dados pessoais a autoridades.<\/p>\n<p><strong>g. Quais s\u00e3o os seus direitos e como os pode exercer<\/strong><\/p>\n<p>Nas circunst\u00e2ncias previstas na lei, tem o direito de nos solicitar:<\/p>\n<ol>\n<li>Informa\u00e7\u00e3o adicional sobre a utiliza\u00e7\u00e3o que fazemos dos seus dados pessoais;<\/li>\n<li>O acesso aos seus dados pessoais;<\/li>\n<li>Que transmitamos os seus dados pessoais que nos forneceu a outra entidade;<\/li>\n<li>Que retifiquemos ou completemos os seus dados pessoais;<\/li>\n<li>O apagamento dos seus dados pessoais;<\/li>\n<li>A cessa\u00e7\u00e3o do tratamento dos seus dados pessoais caso se oponha ao mesmo;<\/li>\n<li>A limita\u00e7\u00e3o do tratamento dos seus dados pessoais;<\/li>\n<li>Tem ainda direito a retirar o consentimento em qualquer altura, sem comprometer a licitude do tratamento efetuado com base no consentimento previamente dado.<\/li>\n<\/ol>\n<p>Para exercer os seus direitos ou sempre que tenha alguma quest\u00e3o sobre a utiliza\u00e7\u00e3o que fazemos dos seus dados pessoais dever\u00e1 contactar-nos por email para o seguinte endere\u00e7o:\u00a0<a href=\"mailto:dataprotection@sonaesierra.com\">dataprotection@sonaesierra.com<\/a>.<\/p>\n<p>Poder\u00e1 apresentar reclama\u00e7\u00e3o \u00e0 Comiss\u00e3o Nacional de Prote\u00e7\u00e3o de Dados (CNPD)<\/p>\n<p><strong>h. Atualiza\u00e7\u00f5es a este Compromisso<\/strong><\/p>\n<p>Este Compromisso de Prote\u00e7\u00e3o de dados pode ser oportunamente atualizado, o que ser\u00e1 objeto de divulga\u00e7\u00e3o.<\/p>\n<p><b>Data: 29.03.2021<br \/>\n<\/b><b>Vers\u00e3o: 1.0<br \/>\n<\/b><b>L\u00edngua: Portugu\u00eas<br \/>\n<\/b><b>Coment\u00e1rios: Vers\u00e3o inicial<\/b><\/p>\n\n\t\t<\/div>\n\t<\/div>\n<\/div><\/div><\/div><\/div>\n<\/div>","protected":false},"excerpt":{"rendered":"Personal Data Protection Commitment a. Our Personal Data Protection Commitment Sonae Sierra, SGPS, S.A. will always process the personal data of its website users\u2019 (Users) in a responsible, fair and transparent manner. This commitment is taken in the day-to-day relationships with our clients. The privacy and security of the data entrusted to us are one [...]","protected":false},"author":1,"featured_media":0,"parent":0,"menu_order":0,"comment_status":"closed","ping_status":"closed","template":"","meta":{"_acf_changed":false,"inline_featured_image":false,"footnotes":""},"class_list":["post-3320","page","type-page","status-publish","hentry"],"acf":[],"yoast_head":"<!-- This site is optimized with the Yoast SEO plugin v23.9 - https:\/\/yoast.com\/wordpress\/plugins\/seo\/ -->\n<title>Personal Data Protection Commitment - wearereify.com<\/title>\n<meta name=\"robots\" content=\"index, follow, max-snippet:-1, max-image-preview:large, max-video-preview:-1\" \/>\n<link rel=\"canonical\" href=\"https:\/\/www.wearereify.com\/pt\/personal-data-protection-commitment\/\" \/>\n<meta property=\"og:locale\" content=\"pt_PT\" \/>\n<meta property=\"og:type\" content=\"article\" \/>\n<meta property=\"og:title\" content=\"Personal Data Protection Commitment - wearereify.com\" \/>\n<meta property=\"og:url\" content=\"https:\/\/www.wearereify.com\/pt\/personal-data-protection-commitment\/\" \/>\n<meta property=\"og:site_name\" content=\"wearereify.com\" \/>\n<meta property=\"article:modified_time\" content=\"2021-03-28T07:01:45+00:00\" \/>\n<meta name=\"twitter:card\" content=\"summary_large_image\" \/>\n<meta name=\"twitter:label1\" content=\"Tempo estimado de leitura\" \/>\n\t<meta name=\"twitter:data1\" content=\"4 minutos\" \/>\n<script type=\"application\/ld+json\" class=\"yoast-schema-graph\">{\"@context\":\"https:\/\/schema.org\",\"@graph\":[{\"@type\":\"WebPage\",\"@id\":\"https:\/\/www.wearereify.com\/pt\/personal-data-protection-commitment\/\",\"url\":\"https:\/\/www.wearereify.com\/pt\/personal-data-protection-commitment\/\",\"name\":\"Personal Data Protection Commitment - wearereify.com\",\"isPartOf\":{\"@id\":\"https:\/\/52.50.151.33\/pt\/#website\"},\"datePublished\":\"2021-03-24T12:13:00+00:00\",\"dateModified\":\"2021-03-28T07:01:45+00:00\",\"breadcrumb\":{\"@id\":\"https:\/\/www.wearereify.com\/pt\/personal-data-protection-commitment\/#breadcrumb\"},\"inLanguage\":\"pt-PT\",\"potentialAction\":[{\"@type\":\"ReadAction\",\"target\":[\"https:\/\/www.wearereify.com\/pt\/personal-data-protection-commitment\/\"]}]},{\"@type\":\"BreadcrumbList\",\"@id\":\"https:\/\/www.wearereify.com\/pt\/personal-data-protection-commitment\/#breadcrumb\",\"itemListElement\":[{\"@type\":\"ListItem\",\"position\":1,\"name\":\"Home\",\"item\":\"https:\/\/52.50.151.33\/pt\/\"},{\"@type\":\"ListItem\",\"position\":2,\"name\":\"Personal Data Protection Commitment\"}]},{\"@type\":\"WebSite\",\"@id\":\"https:\/\/52.50.151.33\/pt\/#website\",\"url\":\"https:\/\/52.50.151.33\/pt\/\",\"name\":\"wearereify.com\",\"description\":\"wearereify.com\",\"publisher\":{\"@id\":\"https:\/\/52.50.151.33\/pt\/#organization\"},\"potentialAction\":[{\"@type\":\"SearchAction\",\"target\":{\"@type\":\"EntryPoint\",\"urlTemplate\":\"https:\/\/52.50.151.33\/pt\/?s={search_term_string}\"},\"query-input\":{\"@type\":\"PropertyValueSpecification\",\"valueRequired\":true,\"valueName\":\"search_term_string\"}}],\"inLanguage\":\"pt-PT\"},{\"@type\":\"Organization\",\"@id\":\"https:\/\/52.50.151.33\/pt\/#organization\",\"name\":\"wearereify.com\",\"url\":\"https:\/\/52.50.151.33\/pt\/\",\"logo\":{\"@type\":\"ImageObject\",\"inLanguage\":\"pt-PT\",\"@id\":\"https:\/\/52.50.151.33\/pt\/#\/schema\/logo\/image\/\",\"url\":\"https:\/\/www.wearereify.com\/wp-content\/uploads\/2025\/07\/Reify_2025-black.png\",\"contentUrl\":\"https:\/\/www.wearereify.com\/wp-content\/uploads\/2025\/07\/Reify_2025-black.png\",\"width\":2501,\"height\":1328,\"caption\":\"wearereify.com\"},\"image\":{\"@id\":\"https:\/\/52.50.151.33\/pt\/#\/schema\/logo\/image\/\"}}]}<\/script>\n<!-- \/ Yoast SEO plugin. -->","yoast_head_json":{"title":"Personal Data Protection Commitment - wearereify.com","robots":{"index":"index","follow":"follow","max-snippet":"max-snippet:-1","max-image-preview":"max-image-preview:large","max-video-preview":"max-video-preview:-1"},"canonical":"https:\/\/www.wearereify.com\/pt\/personal-data-protection-commitment\/","og_locale":"pt_PT","og_type":"article","og_title":"Personal Data Protection Commitment - wearereify.com","og_url":"https:\/\/www.wearereify.com\/pt\/personal-data-protection-commitment\/","og_site_name":"wearereify.com","article_modified_time":"2021-03-28T07:01:45+00:00","twitter_card":"summary_large_image","twitter_misc":{"Tempo estimado de leitura":"4 minutos"},"schema":{"@context":"https:\/\/schema.org","@graph":[{"@type":"WebPage","@id":"https:\/\/www.wearereify.com\/pt\/personal-data-protection-commitment\/","url":"https:\/\/www.wearereify.com\/pt\/personal-data-protection-commitment\/","name":"Personal Data Protection Commitment - wearereify.com","isPartOf":{"@id":"https:\/\/52.50.151.33\/pt\/#website"},"datePublished":"2021-03-24T12:13:00+00:00","dateModified":"2021-03-28T07:01:45+00:00","breadcrumb":{"@id":"https:\/\/www.wearereify.com\/pt\/personal-data-protection-commitment\/#breadcrumb"},"inLanguage":"pt-PT","potentialAction":[{"@type":"ReadAction","target":["https:\/\/www.wearereify.com\/pt\/personal-data-protection-commitment\/"]}]},{"@type":"BreadcrumbList","@id":"https:\/\/www.wearereify.com\/pt\/personal-data-protection-commitment\/#breadcrumb","itemListElement":[{"@type":"ListItem","position":1,"name":"Home","item":"https:\/\/52.50.151.33\/pt\/"},{"@type":"ListItem","position":2,"name":"Personal Data Protection Commitment"}]},{"@type":"WebSite","@id":"https:\/\/52.50.151.33\/pt\/#website","url":"https:\/\/52.50.151.33\/pt\/","name":"wearereify.com","description":"wearereify.com","publisher":{"@id":"https:\/\/52.50.151.33\/pt\/#organization"},"potentialAction":[{"@type":"SearchAction","target":{"@type":"EntryPoint","urlTemplate":"https:\/\/52.50.151.33\/pt\/?s={search_term_string}"},"query-input":{"@type":"PropertyValueSpecification","valueRequired":true,"valueName":"search_term_string"}}],"inLanguage":"pt-PT"},{"@type":"Organization","@id":"https:\/\/52.50.151.33\/pt\/#organization","name":"wearereify.com","url":"https:\/\/52.50.151.33\/pt\/","logo":{"@type":"ImageObject","inLanguage":"pt-PT","@id":"https:\/\/52.50.151.33\/pt\/#\/schema\/logo\/image\/","url":"https:\/\/www.wearereify.com\/wp-content\/uploads\/2025\/07\/Reify_2025-black.png","contentUrl":"https:\/\/www.wearereify.com\/wp-content\/uploads\/2025\/07\/Reify_2025-black.png","width":2501,"height":1328,"caption":"wearereify.com"},"image":{"@id":"https:\/\/52.50.151.33\/pt\/#\/schema\/logo\/image\/"}}]}},"_links":{"self":[{"href":"https:\/\/www.wearereify.com\/pt\/wp-json\/wp\/v2\/pages\/3320","targetHints":{"allow":["GET"]}}],"collection":[{"href":"https:\/\/www.wearereify.com\/pt\/wp-json\/wp\/v2\/pages"}],"about":[{"href":"https:\/\/www.wearereify.com\/pt\/wp-json\/wp\/v2\/types\/page"}],"author":[{"embeddable":true,"href":"https:\/\/www.wearereify.com\/pt\/wp-json\/wp\/v2\/users\/1"}],"replies":[{"embeddable":true,"href":"https:\/\/www.wearereify.com\/pt\/wp-json\/wp\/v2\/comments?post=3320"}],"version-history":[{"count":5,"href":"https:\/\/www.wearereify.com\/pt\/wp-json\/wp\/v2\/pages\/3320\/revisions"}],"predecessor-version":[{"id":3521,"href":"https:\/\/www.wearereify.com\/pt\/wp-json\/wp\/v2\/pages\/3320\/revisions\/3521"}],"wp:attachment":[{"href":"https:\/\/www.wearereify.com\/pt\/wp-json\/wp\/v2\/media?parent=3320"}],"curies":[{"name":"wp","href":"https:\/\/api.w.org\/{rel}","templated":true}]}}